{"id":28,"date":"2024-03-19T14:24:32","date_gmt":"2024-03-19T14:24:32","guid":{"rendered":"https:\/\/otter3d.com\/?page_id=28"},"modified":"2024-03-29T20:31:23","modified_gmt":"2024-03-29T19:31:23","slug":"blog","status":"publish","type":"page","link":"https:\/\/otter3d.com\/en\/blog\/","title":{"rendered":"Blog"},"content":{"rendered":"<div data-elementor-type=\"wp-page\" data-elementor-id=\"28\" class=\"elementor elementor-28\" data-elementor-post-type=\"page\">\n\t\t\t\t\t\t<section class=\"elementor-section elementor-top-section elementor-element elementor-element-d0750bb elementor-section-boxed elementor-section-height-default elementor-section-height-default\" data-id=\"d0750bb\" data-element_type=\"section\" data-settings=\"{&quot;background_background&quot;:&quot;classic&quot;}\">\n\t\t\t\t\t\t\t<div class=\"elementor-background-overlay\"><\/div>\n\t\t\t\t\t\t\t<div class=\"elementor-container elementor-column-gap-default\">\n\t\t\t\t\t<div class=\"elementor-column elementor-col-100 elementor-top-column elementor-element elementor-element-6f99d68\" data-id=\"6f99d68\" data-element_type=\"column\">\n\t\t\t<div class=\"elementor-widget-wrap elementor-element-populated\">\n\t\t\t\t\t\t<div class=\"elementor-element elementor-element-bf896ae elementor-widget-divider--view-line_text elementor-widget-divider--element-align-center elementor-widget elementor-widget-divider\" data-id=\"bf896ae\" data-element_type=\"widget\" data-widget_type=\"divider.default\">\n\t\t\t\t<div class=\"elementor-widget-container\">\n\t\t\t\t\t\t\t<div class=\"elementor-divider\">\n\t\t\t<span class=\"elementor-divider-separator\">\n\t\t\t\t\t\t\t<span class=\"elementor-divider__text elementor-divider__element\">\n\t\t\t\tREAD OUR POSTS\t\t\t\t<\/span>\n\t\t\t\t\t\t<\/span>\n\t\t<\/div>\n\t\t\t\t\t\t<\/div>\n\t\t\t\t<\/div>\n\t\t\t\t<div class=\"elementor-element elementor-element-6ab2827 elementor-widget elementor-widget-heading\" data-id=\"6ab2827\" data-element_type=\"widget\" data-widget_type=\"heading.default\">\n\t\t\t\t<div class=\"elementor-widget-container\">\n\t\t\t\t\t<h2 class=\"elementor-heading-title elementor-size-default\">Blog<\/h2>\t\t\t\t<\/div>\n\t\t\t\t<\/div>\n\t\t\t\t\t<\/div>\n\t\t<\/div>\n\t\t\t\t\t<\/div>\n\t\t<\/section>\n\t\t\t\t<section class=\"elementor-section elementor-top-section elementor-element elementor-element-a9338e5 elementor-section-boxed elementor-section-height-default elementor-section-height-default\" data-id=\"a9338e5\" data-element_type=\"section\">\n\t\t\t\t\t\t\t<div class=\"elementor-background-overlay\"><\/div>\n\t\t\t\t\t\t\t<div class=\"elementor-container elementor-column-gap-default\">\n\t\t\t\t\t<div class=\"elementor-column elementor-col-100 elementor-top-column elementor-element elementor-element-68bb594\" data-id=\"68bb594\" data-element_type=\"column\">\n\t\t\t<div class=\"elementor-widget-wrap elementor-element-populated\">\n\t\t\t\t\t\t<div class=\"elementor-element elementor-element-f2f0246 elementor-grid-eael-col-4 elementor-grid-tablet-eael-col-2 elementor-grid-mobile-eael-col-1 elementor-widget elementor-widget-eael-post-grid\" data-id=\"f2f0246\" data-element_type=\"widget\" data-settings=\"{&quot;eael_post_grid_columns&quot;:&quot;eael-col-4&quot;,&quot;eael_post_grid_columns_tablet&quot;:&quot;eael-col-2&quot;,&quot;eael_post_grid_columns_mobile&quot;:&quot;eael-col-1&quot;}\" data-widget_type=\"eael-post-grid.default\">\n\t\t\t\t<div class=\"elementor-widget-container\">\n\t\t\t\t\t<div id=\"eael-post-grid-f2f0246\" class=\"eael-post-grid-container\">\n            <div class=\"eael-post-grid eael-post-appender eael-post-appender-f2f0246 eael-post-grid-style-one\" data-layout-mode=\"masonry\"><article class=\"eael-grid-post  eael-post-grid-column eael-pg-post-2166 category-uncategorized tags-3d-nyomtatas-3d-nyomtatasi-technologia-anyagvalasztas-filamentek-hoallo-filamentek-nyomtatasi-tippek-szenszalas-filament\" data-id=\"2166\">\n        <div class=\"eael-grid-post-holder\">\n            <div class=\"eael-grid-post-holder-inner\"><div class=\"eael-entry-media\"><div class=\"eael-entry-overlay fade-in\"><i class=\"fas fa-long-arrow-alt-right\" aria-hidden=\"true\"><\/i><a href=\"https:\/\/otter3d.com\/en\/filamentek-a-tol-z-ig-alapoktol-a-specialis-anyagokig\/\"><\/a><\/div><div class=\"eael-entry-thumbnail\">\n                <img fetchpriority=\"high\" decoding=\"async\" width=\"1000\" height=\"650\" src=\"https:\/\/otter3d.com\/wp-content\/uploads\/2024\/09\/Blog-Fo-kep.png\" class=\"attachment-full size-full wp-image-2179\" alt=\"\" srcset=\"https:\/\/otter3d.com\/wp-content\/uploads\/2024\/09\/Blog-Fo-kep.png 1000w, https:\/\/otter3d.com\/wp-content\/uploads\/2024\/09\/Blog-Fo-kep-300x195.png 300w, https:\/\/otter3d.com\/wp-content\/uploads\/2024\/09\/Blog-Fo-kep-768x499.png 768w, https:\/\/otter3d.com\/wp-content\/uploads\/2024\/09\/Blog-Fo-kep-18x12.png 18w\" sizes=\"(max-width: 1000px) 100vw, 1000px\" \/>\n            <\/div>\n        <\/div><div class=\"eael-entry-wrapper\"><header class=\"eael-entry-header\"><h2 class=\"eael-entry-title\"><a class=\"eael-grid-post-link\" href=\"https:\/\/otter3d.com\/en\/filamentek-a-tol-z-ig-alapoktol-a-specialis-anyagokig\/\" title=\"Filaments A to Z: from basics to speciality materials\">Filaments A to Z: from basics to speciality materials<\/a><\/h2><\/header><div class=\"eael-entry-content\">\n                        <div class=\"eael-grid-post-excerpt\"><p>In the exciting world of 3D printing, the endless possibilities are just...<\/p><a href=\"https:\/\/otter3d.com\/en\/filamentek-a-tol-z-ig-alapoktol-a-specialis-anyagokig\/\" class=\"eael-post-elements-readmore-btn\">READ<\/a><\/div>\n                    <\/div><\/div><\/div>\n        <\/div>\n    <\/article><article class=\"eael-grid-post  eael-post-grid-column eael-pg-post-367 category-uncategorized\" data-id=\"367\">\n        <div class=\"eael-grid-post-holder\">\n            <div class=\"eael-grid-post-holder-inner\"><div class=\"eael-entry-media\"><div class=\"eael-entry-overlay fade-in\"><i class=\"fas fa-long-arrow-alt-right\" aria-hidden=\"true\"><\/i><a href=\"https:\/\/otter3d.com\/en\/az_iparag_legujabb_trendjei_es_fejlesztesei\/\"><\/a><\/div><div class=\"eael-entry-thumbnail\">\n                <img decoding=\"async\" width=\"1000\" height=\"650\" src=\"https:\/\/otter3d.com\/wp-content\/uploads\/2024\/03\/4.webp\" class=\"attachment-full size-full wp-image-1927\" alt=\"\" srcset=\"https:\/\/otter3d.com\/wp-content\/uploads\/2024\/03\/4.webp 1000w, https:\/\/otter3d.com\/wp-content\/uploads\/2024\/03\/4-300x195.webp 300w, https:\/\/otter3d.com\/wp-content\/uploads\/2024\/03\/4-768x499.webp 768w, https:\/\/otter3d.com\/wp-content\/uploads\/2024\/03\/4-18x12.webp 18w\" sizes=\"(max-width: 1000px) 100vw, 1000px\" \/>\n            <\/div>\n        <\/div><div class=\"eael-entry-wrapper\"><header class=\"eael-entry-header\"><h2 class=\"eael-entry-title\"><a class=\"eael-grid-post-link\" href=\"https:\/\/otter3d.com\/en\/az_iparag_legujabb_trendjei_es_fejlesztesei\/\" title=\"The latest trends and developments in the industry\">The latest trends and developments in the industry<\/a><\/h2><\/header><div class=\"eael-entry-content\">\n                        <div class=\"eael-grid-post-excerpt\"><p>The technological development of 3D printing has accelerated tremendously in the last decade,...<\/p><a href=\"https:\/\/otter3d.com\/en\/az_iparag_legujabb_trendjei_es_fejlesztesei\/\" class=\"eael-post-elements-readmore-btn\">READ<\/a><\/div>\n                    <\/div><\/div><\/div>\n        <\/div>\n    <\/article><article class=\"eael-grid-post  eael-post-grid-column eael-pg-post-365 category-uncategorized\" data-id=\"365\">\n        <div class=\"eael-grid-post-holder\">\n            <div class=\"eael-grid-post-holder-inner\"><div class=\"eael-entry-media\"><div class=\"eael-entry-overlay fade-in\"><i class=\"fas fa-long-arrow-alt-right\" aria-hidden=\"true\"><\/i><a href=\"https:\/\/otter3d.com\/en\/kornyezetvedelem_fenntarthatosag_a_nyomtatoasztalon\/\"><\/a><\/div><div class=\"eael-entry-thumbnail\">\n                <img decoding=\"async\" width=\"1000\" height=\"650\" src=\"https:\/\/otter3d.com\/wp-content\/uploads\/2024\/03\/3.webp\" class=\"attachment-full size-full wp-image-1922\" alt=\"\" srcset=\"https:\/\/otter3d.com\/wp-content\/uploads\/2024\/03\/3.webp 1000w, https:\/\/otter3d.com\/wp-content\/uploads\/2024\/03\/3-300x195.webp 300w, https:\/\/otter3d.com\/wp-content\/uploads\/2024\/03\/3-768x499.webp 768w, https:\/\/otter3d.com\/wp-content\/uploads\/2024\/03\/3-18x12.webp 18w\" sizes=\"(max-width: 1000px) 100vw, 1000px\" \/>\n            <\/div>\n        <\/div><div class=\"eael-entry-wrapper\"><header class=\"eael-entry-header\"><h2 class=\"eael-entry-title\"><a class=\"eael-grid-post-link\" href=\"https:\/\/otter3d.com\/en\/kornyezetvedelem_fenntarthatosag_a_nyomtatoasztalon\/\" title=\"Environment: sustainability at the printing table\">Environment: sustainability at the printing table<\/a><\/h2><\/header><div class=\"eael-entry-content\">\n                        <div class=\"eael-grid-post-excerpt\"><p>3D printing is increasingly being used in industrial and household...<\/p><a href=\"https:\/\/otter3d.com\/en\/kornyezetvedelem_fenntarthatosag_a_nyomtatoasztalon\/\" class=\"eael-post-elements-readmore-btn\">READ<\/a><\/div>\n                    <\/div><\/div><\/div>\n        <\/div>\n    <\/article><article class=\"eael-grid-post  eael-post-grid-column eael-pg-post-363 category-uncategorized\" data-id=\"363\">\n        <div class=\"eael-grid-post-holder\">\n            <div class=\"eael-grid-post-holder-inner\"><div class=\"eael-entry-media\"><div class=\"eael-entry-overlay fade-in\"><i class=\"fas fa-long-arrow-alt-right\" aria-hidden=\"true\"><\/i><a href=\"https:\/\/otter3d.com\/en\/filamentek_jellenzoi_es_felhasznalasi-teruletei\/\"><\/a><\/div><div class=\"eael-entry-thumbnail\">\n                <img loading=\"lazy\" decoding=\"async\" width=\"1000\" height=\"650\" src=\"https:\/\/otter3d.com\/wp-content\/uploads\/2024\/03\/2.webp\" class=\"attachment-full size-full wp-image-1899\" alt=\"\" srcset=\"https:\/\/otter3d.com\/wp-content\/uploads\/2024\/03\/2.webp 1000w, https:\/\/otter3d.com\/wp-content\/uploads\/2024\/03\/2-300x195.webp 300w, https:\/\/otter3d.com\/wp-content\/uploads\/2024\/03\/2-768x499.webp 768w, https:\/\/otter3d.com\/wp-content\/uploads\/2024\/03\/2-18x12.webp 18w\" sizes=\"(max-width: 1000px) 100vw, 1000px\" \/>\n            <\/div>\n        <\/div><div class=\"eael-entry-wrapper\"><header class=\"eael-entry-header\"><h2 class=\"eael-entry-title\"><a class=\"eael-grid-post-link\" href=\"https:\/\/otter3d.com\/en\/filamentek_jellenzoi_es_felhasznalasi-teruletei\/\" title=\"Characteristics and uses of different filaments\">Characteristics and uses of different filaments<\/a><\/h2><\/header><div class=\"eael-entry-content\">\n                        <div class=\"eael-grid-post-excerpt\"><p>In 3D printing, filaments are not just raw materials; they are the...<\/p><a href=\"https:\/\/otter3d.com\/en\/filamentek_jellenzoi_es_felhasznalasi-teruletei\/\" class=\"eael-post-elements-readmore-btn\">READ<\/a><\/div>\n                    <\/div><\/div><\/div>\n        <\/div>\n    <\/article><article class=\"eael-grid-post  eael-post-grid-column eael-pg-post-321 category-uncategorized\" data-id=\"321\">\n        <div class=\"eael-grid-post-holder\">\n            <div class=\"eael-grid-post-holder-inner\"><div class=\"eael-entry-media\"><div class=\"eael-entry-overlay fade-in\"><i class=\"fas fa-long-arrow-alt-right\" aria-hidden=\"true\"><\/i><a href=\"https:\/\/otter3d.com\/en\/nyomtatas-kezdoknek-alapok-tippek\/\"><\/a><\/div><div class=\"eael-entry-thumbnail\">\n                <img loading=\"lazy\" decoding=\"async\" width=\"1000\" height=\"650\" src=\"https:\/\/otter3d.com\/wp-content\/uploads\/2024\/03\/1.jpg\" class=\"attachment-full size-full wp-image-1875\" alt=\"\" srcset=\"https:\/\/otter3d.com\/wp-content\/uploads\/2024\/03\/1.jpg 1000w, https:\/\/otter3d.com\/wp-content\/uploads\/2024\/03\/1-300x195.jpg 300w, https:\/\/otter3d.com\/wp-content\/uploads\/2024\/03\/1-768x499.jpg 768w, https:\/\/otter3d.com\/wp-content\/uploads\/2024\/03\/1-18x12.jpg 18w\" sizes=\"(max-width: 1000px) 100vw, 1000px\" \/>\n            <\/div>\n        <\/div><div class=\"eael-entry-wrapper\"><header class=\"eael-entry-header\"><h2 class=\"eael-entry-title\"><a class=\"eael-grid-post-link\" href=\"https:\/\/otter3d.com\/en\/nyomtatas-kezdoknek-alapok-tippek\/\" title=\"Printing for beginners: basics and tips\">Printing for beginners: basics and tips<\/a><\/h2><\/header><div class=\"eael-entry-content\">\n                        <div class=\"eael-grid-post-excerpt\"><p>The importance and basic concepts of 3D printing What tools and...<\/p><a href=\"https:\/\/otter3d.com\/en\/nyomtatas-kezdoknek-alapok-tippek\/\" class=\"eael-post-elements-readmore-btn\">READ<\/a><\/div>\n                    <\/div><\/div><\/div>\n        <\/div>\n    <\/article><\/div>\n            <div class=\"clearfix\"><\/div>\n        <\/div>\t\t\t\t<\/div>\n\t\t\t\t<\/div>\n\t\t\t\t\t<\/div>\n\t\t<\/div>\n\t\t\t\t\t<\/div>\n\t\t<\/section>\n\t\t\t\t<\/div>","protected":false},"excerpt":{"rendered":"<p>OLVASD EL BEJEGYZ\u00c9SEINKET Teszt bejegyz\u00e9s 3 M\u00e1r r\u00e9g\u00f3ta \u00e9lt\u00fcnk azzal a k\u00e9rd\u00e9ssel, hogy hogyan hozhatn\u00e1nk l\u00e9tre&#8230; ELOLVASOM Teszt bejegyz\u00e9s 2 M\u00e1r r\u00e9g\u00f3ta \u00e9lt\u00fcnk azzal a k\u00e9rd\u00e9ssel, hogy hogyan hozhatn\u00e1nk l\u00e9tre&#8230; ELOLVASOM Teszt bejegyz\u00e9s 1 M\u00e1r r\u00e9g\u00f3ta \u00e9lt\u00fcnk azzal a k\u00e9rd\u00e9ssel, hogy hogyan hozhatn\u00e1nk l\u00e9tre&#8230; ELOLVASOM 3D nyomtat\u00e1s az \u00e9letben M\u00e1r r\u00e9g\u00f3ta \u00e9lt\u00fcnk azzal a k\u00e9rd\u00e9ssel, [&hellip;]<\/p>","protected":false},"author":1,"featured_media":0,"parent":0,"menu_order":0,"comment_status":"closed","ping_status":"closed","template":"elementor_header_footer","meta":{"footnotes":""},"class_list":["post-28","page","type-page","status-publish","hentry"],"_links":{"self":[{"href":"https:\/\/otter3d.com\/en\/wp-json\/wp\/v2\/pages\/28","targetHints":{"allow":["GET"]}}],"collection":[{"href":"https:\/\/otter3d.com\/en\/wp-json\/wp\/v2\/pages"}],"about":[{"href":"https:\/\/otter3d.com\/en\/wp-json\/wp\/v2\/types\/page"}],"author":[{"embeddable":true,"href":"https:\/\/otter3d.com\/en\/wp-json\/wp\/v2\/users\/1"}],"replies":[{"embeddable":true,"href":"https:\/\/otter3d.com\/en\/wp-json\/wp\/v2\/comments?post=28"}],"version-history":[{"count":7,"href":"https:\/\/otter3d.com\/en\/wp-json\/wp\/v2\/pages\/28\/revisions"}],"predecessor-version":[{"id":564,"href":"https:\/\/otter3d.com\/en\/wp-json\/wp\/v2\/pages\/28\/revisions\/564"}],"wp:attachment":[{"href":"https:\/\/otter3d.com\/en\/wp-json\/wp\/v2\/media?parent=28"}],"curies":[{"name":"wp","href":"https:\/\/api.w.org\/{rel}","templated":true}]}}